{"id":70,"date":"2019-03-08T01:57:01","date_gmt":"2019-03-08T00:57:01","guid":{"rendered":"http:\/\/diwanlanderne.bzh\/?page_id=70"},"modified":"2021-10-27T21:48:33","modified_gmt":"2021-10-27T19:48:33","slug":"faire-un-don","status":"publish","type":"page","link":"https:\/\/diwanlanderne.bzh\/index.php\/faire-un-don\/","title":{"rendered":"Skoazella\u00f1 \/ Faire un don"},"content":{"rendered":"\n<figure class=\"wp-block-image size-large\"><a href=\"https:\/\/www.helloasso.com\/associations\/strollad-skoazell-diwan-e-bro-landerne\/formulaires\/1\" target=\"_blank\" rel=\"noreferrer noopener\"><img loading=\"lazy\" decoding=\"async\" width=\"1024\" height=\"1024\" src=\"https:\/\/diwanlanderne.bzh\/wp-content\/uploads\/2021\/10\/Appel-aux-dons-2022-1024x1024.jpg\" alt=\"\" class=\"wp-image-438\" srcset=\"https:\/\/diwanlanderne.bzh\/wp-content\/uploads\/2021\/10\/Appel-aux-dons-2022-1024x1024.jpg 1024w, https:\/\/diwanlanderne.bzh\/wp-content\/uploads\/2021\/10\/Appel-aux-dons-2022-300x300.jpg 300w, https:\/\/diwanlanderne.bzh\/wp-content\/uploads\/2021\/10\/Appel-aux-dons-2022-150x150.jpg 150w, https:\/\/diwanlanderne.bzh\/wp-content\/uploads\/2021\/10\/Appel-aux-dons-2022-768x768.jpg 768w, https:\/\/diwanlanderne.bzh\/wp-content\/uploads\/2021\/10\/Appel-aux-dons-2022-1200x1200.jpg 1200w, https:\/\/diwanlanderne.bzh\/wp-content\/uploads\/2021\/10\/Appel-aux-dons-2022.jpg 1419w\" sizes=\"auto, (max-width: 709px) 85vw, (max-width: 909px) 67vw, (max-width: 1362px) 62vw, 840px\" \/><\/a><\/figure>\n\n\n\n<p><strong>Skol Diwan Landerne c\u2019est aujourd\u2019hui : 82 enfants \/ 4 classes \/ 5 employ\u00e9es<\/strong><\/p>\n\n\n\n<p>Le\n principe de gratuit\u00e9 est inscrit dans la charte des \u00e9coles Diwan, ce  \nqui permet \u00e0 chaque famille qui le souhaite de scolariser ses enfants en\n  breton.<\/p>\n\n\n\n<p>Cependant, l\u2019\u00e9cole Diwan a besoin de la \nparticipation de  tous-tes pour exister : participation \u00e0 la vie de \nl\u2019\u00e9cole et\/ou  participation financi\u00e8re.<\/p>\n\n\n\n<p><strong>Tout versement \nponctuel ou mensuel, aussi  modeste soit-il, contribue \u00e0 soutenir \nl\u2019\u00e9cole de nos enfants et \u00e0  pr\u00e9server l\u2019environnement de qualit\u00e9 dans \nlequel ils \u00e9voluent. <\/strong><\/p>\n\n\n\n<p>Vos dons  serviront notamment \u00e0 payer le\n personnel, financer des projets  p\u00e9dagogiques, acheter du mat\u00e9riel, des\n livres scolaires\u2026..<\/p>\n\n\n\n<figure class=\"wp-block-image\"><a href=\"https:\/\/www.helloasso.com\/associations\/strollad-skoazell-diwan-e-bro-landerne\/formulaires\/1\" target=\"_blank\" rel=\"noreferrer noopener\"><img loading=\"lazy\" decoding=\"async\" width=\"220\" height=\"48\" src=\"https:\/\/diwanlanderne.bzh\/wp-content\/uploads\/2019\/03\/helloasso-logo.png\" alt=\"\" class=\"wp-image-112\"\/><\/a><figcaption>Notre partenaire pour nous soutenir en quelques clics !<\/figcaption><\/figure>\n\n\n\n<p>Ur skol digoust eo Diwan, hervez e garta, ar pezh a aotre pep familh da skoliata he bugel e brezhoneg. <\/p>\n\n\n\n<p>Hogen en deus Diwan Landerne ezhomm bras eus perzh an holl a-benn beva\u00f1 : perzh e buhez ar skol pe perzh arc\u2019hant.<\/p>\n\n\n\n<p><strong>Pep  roadenn viziek pe get, bihan pe get, a skoazell skol hor bugale hag a  warez o endro. <\/strong>Ho roadenno\u00f9 a sikouro da baea\u00f1 an implijidi nann-gelenn,  ar raktreso\u00f9 pedagogel, da brena\u00f1 dafar, levrio\u00f9 skol, \u2026<\/p>\n","protected":false},"excerpt":{"rendered":"<p>Skol Diwan Landerne c\u2019est aujourd\u2019hui : 82 enfants \/ 4 classes \/ 5 employ\u00e9es Le principe de gratuit\u00e9 est inscrit dans la charte des \u00e9coles Diwan, ce qui permet \u00e0 chaque famille qui le souhaite de scolariser ses enfants en breton. Cependant, l\u2019\u00e9cole Diwan a besoin de la participation de tous-tes pour exister : participation &hellip; <a href=\"https:\/\/diwanlanderne.bzh\/index.php\/faire-un-don\/\" class=\"more-link\">Continuer la lecture<span class=\"screen-reader-text\"> de &laquo;&nbsp;Skoazella\u00f1 \/ Faire un don&nbsp;&raquo;<\/span><\/a><\/p>\n","protected":false},"author":3,"featured_media":0,"parent":0,"menu_order":8,"comment_status":"closed","ping_status":"closed","template":"","meta":{"footnotes":""},"class_list":["post-70","page","type-page","status-publish","hentry"],"_links":{"self":[{"href":"https:\/\/diwanlanderne.bzh\/index.php\/wp-json\/wp\/v2\/pages\/70","targetHints":{"allow":["GET"]}}],"collection":[{"href":"https:\/\/diwanlanderne.bzh\/index.php\/wp-json\/wp\/v2\/pages"}],"about":[{"href":"https:\/\/diwanlanderne.bzh\/index.php\/wp-json\/wp\/v2\/types\/page"}],"author":[{"embeddable":true,"href":"https:\/\/diwanlanderne.bzh\/index.php\/wp-json\/wp\/v2\/users\/3"}],"replies":[{"embeddable":true,"href":"https:\/\/diwanlanderne.bzh\/index.php\/wp-json\/wp\/v2\/comments?post=70"}],"version-history":[{"count":7,"href":"https:\/\/diwanlanderne.bzh\/index.php\/wp-json\/wp\/v2\/pages\/70\/revisions"}],"predecessor-version":[{"id":498,"href":"https:\/\/diwanlanderne.bzh\/index.php\/wp-json\/wp\/v2\/pages\/70\/revisions\/498"}],"wp:attachment":[{"href":"https:\/\/diwanlanderne.bzh\/index.php\/wp-json\/wp\/v2\/media?parent=70"}],"curies":[{"name":"wp","href":"https:\/\/api.w.org\/{rel}","templated":true}]}}