{"id":5,"date":"2019-03-06T10:29:17","date_gmt":"2019-03-06T09:29:17","guid":{"rendered":"http:\/\/diwanlanderne.bzh\/?page_id=5"},"modified":"2025-01-30T21:26:32","modified_gmt":"2025-01-30T20:26:32","slug":"degemer","status":"publish","type":"page","link":"https:\/\/diwanlanderne.bzh\/","title":{"rendered":"Degemer \/ Accueil"},"content":{"rendered":"\n<p>Degemer mat ! Bienvenue sur le site de l&rsquo;\u00e9cole Diwan Landerneau !<\/p>\n\n\n\n<p>De la toute-petite section de maternelle au CM2, notre \u00e9cole est la\u00efque, gratuite, sous contrat avec l&rsquo;Education nationale&#8230; et en breton ! Parce que le bilinguisme pr\u00e9coce, nous y croyons : pour pr\u00e9server la beaut\u00e9 et la richesse de notre langue et de notre culture bretonne, pour aider nos enfants \u00e0 se construire dans le multilinguisme et le multiculturalisme.<\/p>\n\n\n\n<p>Plus d&rsquo;info sur l&rsquo;immersion en Breton : <a rel=\"noreferrer noopener\" aria-label=\"https:\/\/www.diwan.bzh\/ (s\u2019ouvre dans un nouvel onglet)\" href=\"https:\/\/www.diwan.bzh\/\" target=\"_blank\">https:\/\/www.diwan.bzh\/<\/a><\/p>\n\n\n\n<div class=\"wp-block-image\"><figure class=\"aligncenter size-large\"><img loading=\"lazy\" decoding=\"async\" width=\"460\" height=\"360\" src=\"https:\/\/diwanlanderne.bzh\/wp-content\/uploads\/2021\/12\/Logo.gif\" alt=\"\" class=\"wp-image-515\"\/><\/figure><\/div>\n\n\n\n<p>Sur notre site, vous trouverez des pages sur nos actualit\u00e9s et des informations pratiques, une explication des r\u00f4les des parents, etc. Bonne visite !<\/p>\n","protected":false},"excerpt":{"rendered":"<p>Degemer mat ! Bienvenue sur le site de l&rsquo;\u00e9cole Diwan Landerneau ! De la toute-petite section de maternelle au CM2, notre \u00e9cole est la\u00efque, gratuite, sous contrat avec l&rsquo;Education nationale&#8230; et en breton ! Parce que le bilinguisme pr\u00e9coce, nous y croyons : pour pr\u00e9server la beaut\u00e9 et la richesse de notre langue et de &hellip; <a href=\"https:\/\/diwanlanderne.bzh\/\" class=\"more-link\">Continuer la lecture<span class=\"screen-reader-text\"> de &laquo;&nbsp;Degemer \/ Accueil&nbsp;&raquo;<\/span><\/a><\/p>\n","protected":false},"author":3,"featured_media":0,"parent":0,"menu_order":1,"comment_status":"closed","ping_status":"closed","template":"","meta":{"footnotes":""},"class_list":["post-5","page","type-page","status-publish","hentry"],"_links":{"self":[{"href":"https:\/\/diwanlanderne.bzh\/index.php\/wp-json\/wp\/v2\/pages\/5","targetHints":{"allow":["GET"]}}],"collection":[{"href":"https:\/\/diwanlanderne.bzh\/index.php\/wp-json\/wp\/v2\/pages"}],"about":[{"href":"https:\/\/diwanlanderne.bzh\/index.php\/wp-json\/wp\/v2\/types\/page"}],"author":[{"embeddable":true,"href":"https:\/\/diwanlanderne.bzh\/index.php\/wp-json\/wp\/v2\/users\/3"}],"replies":[{"embeddable":true,"href":"https:\/\/diwanlanderne.bzh\/index.php\/wp-json\/wp\/v2\/comments?post=5"}],"version-history":[{"count":30,"href":"https:\/\/diwanlanderne.bzh\/index.php\/wp-json\/wp\/v2\/pages\/5\/revisions"}],"predecessor-version":[{"id":600,"href":"https:\/\/diwanlanderne.bzh\/index.php\/wp-json\/wp\/v2\/pages\/5\/revisions\/600"}],"wp:attachment":[{"href":"https:\/\/diwanlanderne.bzh\/index.php\/wp-json\/wp\/v2\/media?parent=5"}],"curies":[{"name":"wp","href":"https:\/\/api.w.org\/{rel}","templated":true}]}}