{"id":40,"date":"2019-03-06T17:30:27","date_gmt":"2019-03-06T16:30:27","guid":{"rendered":"http:\/\/diwanlanderne.bzh\/?page_id=40"},"modified":"2025-01-30T21:31:19","modified_gmt":"2025-01-30T20:31:19","slug":"contact","status":"publish","type":"page","link":"https:\/\/diwanlanderne.bzh\/index.php\/contact\/","title":{"rendered":"Darempred \/ Contact"},"content":{"rendered":"\n<p>Pour nous rencontrer, vous pouvez prendre contact par mail : skol.landerne@diwan.bzh<br>au t\u00e9l\u00e9phone = 02 98 21 68 00 (de pr\u00e9f\u00e9rence le jeudi ou apr\u00e8s 16h30)<\/p>\n\n\n\n<p>Notre \u00e9cole est situ\u00e9e All\u00e9e de Tr\u00e9maria \u00e0 Landerneau, tout pr\u00e8s du coll\u00e8ge de Mescoat  :<\/p>\n\n\n<p><iframe loading=\"lazy\" style=\"border: 0;\" src=\"https:\/\/www.google.com\/maps\/embed?pb=!1m18!1m12!1m3!1d2645.9189177505427!2d-4.266988884561836!3d48.458085236762706!2m3!1f0!2f0!3f0!3m2!1i1024!2i768!4f13.1!3m3!1m2!1s0x4816b2f0f2a605e9%3A0x83fd028a5ff40bb!2sEcole+Maternelle+et+Primaire+Diwan!5e0!3m2!1sfr!2sfr!4v1552217070005\" width=\"600\" height=\"450\" frameborder=\"0\" allowfullscreen=\"allowfullscreen\">&amp;amp;amp;lt;&amp;amp;lt;em&amp;amp;gt;\/p&amp;amp;amp;gt;&amp;amp;lt;\/em&amp;amp;gt;<\/iframe><\/p>\n<p><em>Un petit rep\u00e8re : au feu de Mescoat, au lieu de descendre vers le coll\u00e8ge&#8230; montez vers l&rsquo;\u00e9col<\/em>e !<\/p>\n<p><!-- \/wp:post-content --><\/p>","protected":false},"excerpt":{"rendered":"<p>Pour nous rencontrer, vous pouvez prendre contact par mail : skol.landerne@diwan.bzhau t\u00e9l\u00e9phone = 02 98 21 68 00 (de pr\u00e9f\u00e9rence le jeudi ou apr\u00e8s 16h30) Notre \u00e9cole est situ\u00e9e All\u00e9e de Tr\u00e9maria \u00e0 Landerneau, tout pr\u00e8s du coll\u00e8ge de Mescoat : &amp;amp;amp;lt;&amp;amp;lt;em&amp;amp;gt;\/p&amp;amp;amp;gt;&amp;amp;lt;\/em&amp;amp;gt; Un petit rep\u00e8re : au feu de Mescoat, au lieu de descendre vers &hellip; <a href=\"https:\/\/diwanlanderne.bzh\/index.php\/contact\/\" class=\"more-link\">Continuer la lecture<span class=\"screen-reader-text\"> de &laquo;&nbsp;Darempred \/ Contact&nbsp;&raquo;<\/span><\/a><\/p>\n","protected":false},"author":3,"featured_media":0,"parent":0,"menu_order":4,"comment_status":"closed","ping_status":"closed","template":"","meta":{"footnotes":""},"class_list":["post-40","page","type-page","status-publish","hentry"],"_links":{"self":[{"href":"https:\/\/diwanlanderne.bzh\/index.php\/wp-json\/wp\/v2\/pages\/40","targetHints":{"allow":["GET"]}}],"collection":[{"href":"https:\/\/diwanlanderne.bzh\/index.php\/wp-json\/wp\/v2\/pages"}],"about":[{"href":"https:\/\/diwanlanderne.bzh\/index.php\/wp-json\/wp\/v2\/types\/page"}],"author":[{"embeddable":true,"href":"https:\/\/diwanlanderne.bzh\/index.php\/wp-json\/wp\/v2\/users\/3"}],"replies":[{"embeddable":true,"href":"https:\/\/diwanlanderne.bzh\/index.php\/wp-json\/wp\/v2\/comments?post=40"}],"version-history":[{"count":20,"href":"https:\/\/diwanlanderne.bzh\/index.php\/wp-json\/wp\/v2\/pages\/40\/revisions"}],"predecessor-version":[{"id":602,"href":"https:\/\/diwanlanderne.bzh\/index.php\/wp-json\/wp\/v2\/pages\/40\/revisions\/602"}],"wp:attachment":[{"href":"https:\/\/diwanlanderne.bzh\/index.php\/wp-json\/wp\/v2\/media?parent=40"}],"curies":[{"name":"wp","href":"https:\/\/api.w.org\/{rel}","templated":true}]}}