{"id":3,"date":"2019-02-27T11:04:27","date_gmt":"2019-02-27T10:04:27","guid":{"rendered":"http:\/\/diwanlanderne.bzh\/?page_id=3"},"modified":"2019-03-10T15:18:29","modified_gmt":"2019-03-10T14:18:29","slug":"mentions-legales","status":"publish","type":"page","link":"https:\/\/diwanlanderne.bzh\/index.php\/mentions-legales\/","title":{"rendered":"Mentions l\u00e9gales"},"content":{"rendered":"\n<h1 class=\"wp-block-heading\">Skol Diwan Landerne : qui sommes-nous ?<\/h1>\n\n\n\n<p>Association d&rsquo;\u00e9ducation populaire Skol Diwan Landerne, association loi 1901 domicili\u00e9e All\u00e9e de Tr\u00e9maria, 29800 Landerneau<br>SIRET 377 886 239 00039<\/p>\n\n\n\n<p>Directeurs de la publication : membres du conseil coll\u00e9gial de l&rsquo;association et direction de l&rsquo;\u00e9cole.<\/p>\n\n\n\n<p>H\u00e9bergement : OVH,  RCS Lille M\u00e9tropole 424 761 419 00045, si\u00e8ge social 2 rue Kellermann &#8211; 59100 Roubaix &#8211; France      <\/p>\n\n\n\n<h3 class=\"wp-block-heading\">Conditions d&rsquo;utilisation du site Internet diwanlanderne.bzh<\/h3>\n\n\n\n<p>Le site et chacun des  \u00e9l\u00e9ments, y compris mais sans limitation les marques, les logos, ic\u00f4nes,  infographies, photographies, qui le composent sont prot\u00e9g\u00e9s au titre de  la l\u00e9gislation internationale de la propri\u00e9t\u00e9 intellectuelle. Les  contenus figurant sur le site sont la propri\u00e9t\u00e9 de Diwan Landerne. Toute utilisation, reproduction ou repr\u00e9sentation, par  quelque proc\u00e9d\u00e9 que ce soit, et sur quelque support que ce soit, de tout  ou partie du site et\/ou des \u00e9l\u00e9ments qui le composent n&rsquo;est pas  autoris\u00e9e sans le consentement express de Diwan Landerne.<\/p>\n\n\n\n<h3 class=\"wp-block-heading\">Donn\u00e9es personnelles<\/h3>\n\n\n\n<p>D&rsquo;une fa\u00e7on g\u00e9n\u00e9rale, vous  pouvez visiter notre site sur Internet sans avoir \u00e0 d\u00e9cliner votre  identit\u00e9 et \u00e0 fournir des informations personnelles vous concernant. <\/p>\n\n\n\n<h3 class=\"wp-block-heading\">Commentaires<\/h3>\n\n\n\n<p>Quand vous laissez un commentaire sur notre site web, les donn\u00e9es inscrites dans le formulaire de commentaire, mais aussi votre adresse IP et l\u2019agent utilisateur de votre navigateur sont collect\u00e9s pour nous aider \u00e0 la d\u00e9tection des commentaires ind\u00e9sirables.<\/p>\n\n\n\n<p>Une cha\u00eene anonymis\u00e9e cr\u00e9\u00e9e \u00e0 partir de votre adresse de messagerie (\u00e9galement appel\u00e9e hash) peut \u00eatre envoy\u00e9e au service Gravatar pour v\u00e9rifier si vous utilisez ce dernier. Les clauses de confidentialit\u00e9 du service Gravatar sont disponibles ici&nbsp;: https:\/\/automattic.com\/privacy\/. Apr\u00e8s validation de votre commentaire, votre photo de profil sera visible publiquement \u00e0 cot\u00e9 de votre commentaire.<\/p>\n\n\n\n<h3 class=\"wp-block-heading\">Formulaires de contact<\/h3>\n\n\n\n<h3 class=\"wp-block-heading\">Cookies<\/h3>\n\n\n\n<p>Si vous d\u00e9posez un commentaire sur notre site, il vous sera propos\u00e9 d\u2019enregistrer votre nom, adresse de messagerie et site web dans des cookies. C\u2019est uniquement pour votre confort afin de ne pas avoir \u00e0 saisir ces informations si vous d\u00e9posez un autre commentaire plus tard. Ces cookies expirent au bout d\u2019un an.<\/p>\n\n\n\n<p>Si vous avez un compte et que vous vous connectez sur ce site, un cookie temporaire sera cr\u00e9\u00e9 afin de d\u00e9terminer si votre navigateur accepte les cookies. Il ne contient pas de donn\u00e9es personnelles et sera supprim\u00e9 automatiquement \u00e0 la fermeture de votre navigateur.<\/p>\n\n\n\n<p>Lorsque vous vous connecterez, nous mettrons en place un certain nombre de cookies pour enregistrer vos informations de connexion et vos pr\u00e9f\u00e9rences d\u2019\u00e9cran. La dur\u00e9e de vie d\u2019un cookie de connexion est de deux jours, celle d\u2019un cookie d\u2019option d\u2019\u00e9cran est d\u2019un an. Si vous cochez \u00ab&nbsp;Se souvenir de moi&nbsp;\u00bb, votre cookie de connexion sera conserv\u00e9 pendant deux semaines. Si vous vous d\u00e9connectez de votre compte, le cookie de connexion sera effac\u00e9.<\/p>\n\n\n\n<p>En modifiant ou en publiant une publication, un cookie suppl\u00e9mentaire sera enregistr\u00e9 dans votre navigateur. Ce cookie ne comprend aucune donn\u00e9e personnelle. Il indique simplement l\u2019ID de la publication que vous venez de modifier. Il expire au bout d\u2019un jour.<\/p>\n\n\n\n<h3 class=\"wp-block-heading\">Contenu embarqu\u00e9 depuis d\u2019autres sites<\/h3>\n\n\n\n<p>Les articles de ce site peuvent inclure des contenus int\u00e9gr\u00e9s (par exemple des vid\u00e9os, images, articles\u2026). Le contenu int\u00e9gr\u00e9 depuis d\u2019autres sites se comporte de la m\u00eame mani\u00e8re que si le visiteur se rendait sur cet autre site.<\/p>\n\n\n\n<p>Ces sites web pourraient collecter des donn\u00e9es sur vous, utiliser des cookies, embarquer des outils de suivis tiers, suivre vos interactions avec ces contenus embarqu\u00e9s si vous disposez d\u2019un compte connect\u00e9 sur leur site web.<\/p>\n\n\n\n<h2 class=\"wp-block-heading\">Les droits que vous avez sur vos donn\u00e9es<\/h2>\n\n\n\n<p>Si vous avez un compte ou si vous avez laiss\u00e9 des commentaires sur le site, vous pouvez demander \u00e0 recevoir un fichier contenant toutes les donn\u00e9es personnelles que nous poss\u00e9dons \u00e0 votre sujet, incluant celles que vous nous avez fournies. Vous pouvez \u00e9galement demander la suppression des donn\u00e9es personnelles vous concernant. Cela ne prend pas en compte les donn\u00e9es stock\u00e9es \u00e0 des fins administratives, l\u00e9gales ou pour des raisons de s\u00e9curit\u00e9.<\/p>\n","protected":false},"excerpt":{"rendered":"<p>Skol Diwan Landerne : qui sommes-nous ? Association d&rsquo;\u00e9ducation populaire Skol Diwan Landerne, association loi 1901 domicili\u00e9e All\u00e9e de Tr\u00e9maria, 29800 LanderneauSIRET 377 886 239 00039 Directeurs de la publication : membres du conseil coll\u00e9gial de l&rsquo;association et direction de l&rsquo;\u00e9cole. H\u00e9bergement : OVH, RCS Lille M\u00e9tropole 424 761 419 00045, si\u00e8ge social 2 rue &hellip; <a href=\"https:\/\/diwanlanderne.bzh\/index.php\/mentions-legales\/\" class=\"more-link\">Continuer la lecture<span class=\"screen-reader-text\"> de &laquo;&nbsp;Mentions l\u00e9gales&nbsp;&raquo;<\/span><\/a><\/p>\n","protected":false},"author":1,"featured_media":0,"parent":0,"menu_order":0,"comment_status":"closed","ping_status":"open","template":"","meta":{"footnotes":""},"class_list":["post-3","page","type-page","status-publish","hentry"],"_links":{"self":[{"href":"https:\/\/diwanlanderne.bzh\/index.php\/wp-json\/wp\/v2\/pages\/3","targetHints":{"allow":["GET"]}}],"collection":[{"href":"https:\/\/diwanlanderne.bzh\/index.php\/wp-json\/wp\/v2\/pages"}],"about":[{"href":"https:\/\/diwanlanderne.bzh\/index.php\/wp-json\/wp\/v2\/types\/page"}],"author":[{"embeddable":true,"href":"https:\/\/diwanlanderne.bzh\/index.php\/wp-json\/wp\/v2\/users\/1"}],"replies":[{"embeddable":true,"href":"https:\/\/diwanlanderne.bzh\/index.php\/wp-json\/wp\/v2\/comments?post=3"}],"version-history":[{"count":4,"href":"https:\/\/diwanlanderne.bzh\/index.php\/wp-json\/wp\/v2\/pages\/3\/revisions"}],"predecessor-version":[{"id":564,"href":"https:\/\/diwanlanderne.bzh\/index.php\/wp-json\/wp\/v2\/pages\/3\/revisions\/564"}],"wp:attachment":[{"href":"https:\/\/diwanlanderne.bzh\/index.php\/wp-json\/wp\/v2\/media?parent=3"}],"curies":[{"name":"wp","href":"https:\/\/api.w.org\/{rel}","templated":true}]}}