{"id":29,"date":"2019-03-06T11:24:08","date_gmt":"2019-03-06T10:24:08","guid":{"rendered":"http:\/\/diwanlanderne.bzh\/?page_id=29"},"modified":"2026-01-31T22:31:48","modified_gmt":"2026-01-31T21:31:48","slug":"infos-pratiques","status":"publish","type":"page","link":"https:\/\/diwanlanderne.bzh\/index.php\/infos-pratiques\/","title":{"rendered":"Titouro\u00f9 \/ Infos pratiques"},"content":{"rendered":"\n<p>Notre \u00e9cole fonctionne avec <strong>4 classes<\/strong>, de la toute-petite section au CM2. En 2019\/2020, les \u00e9l\u00e8ves sont r\u00e9partis comme suit :<br>&#8211; une classe de toute-petite, petite et moyenne section<br>&#8211; une classe de grande section et CP<br>&#8211; une classe de CE1 et CE2<br>&#8211; une classe de CM1 et CM2<\/p>\n\n\n\n<p>Les \u00e9l\u00e8ves les plus jeunes font la <strong>sieste <\/strong>de 13h30 \u00e0 15h (et parfois un petit peu apr\u00e8s, s&rsquo;ils sont tr\u00e8s fatigu\u00e9s !). Tous les enfants peuvent avoir une <strong>collation <\/strong>le matin (pain\/compote) s&rsquo;ils sont du genre \u00e0 arriver le ventre vide \ud83d\ude09<\/p>\n\n\n\n<p><strong>Classe <\/strong>: 8h45 &#8211; 11h45 et 13h30 &#8211; 16h30 les lundi, mardi, jeudi et vendredi.<\/p>\n\n\n\n<p><strong>Garderie <\/strong>: les enfants sont accueillis \u00e0 la garderie <strong>le matin<\/strong> \u00e0 partir de 7h30 et<strong> le soir <\/strong>jusqu&rsquo;\u00e0 18h30.<\/p>\n\n\n\n<p><strong>Cantine <\/strong>ouverte sur inscription le matin-m\u00eame en d\u00e9posant vos enfants. Les repas sont pr\u00e9par\u00e9s par la cuisine centrale de la Ville de Landerneau, ce sont les m\u00eames que ceux des autres \u00e9coles de la ville et de l&rsquo;ALSH. <\/p>\n\n\n\n<p><\/p>\n\n\n\n<p>LIAMMO\u00d9 \/ LIENS UTILES<\/p>\n\n\n\n<p>Vers <strong>le r\u00e9seau Diwan<\/strong>, qui coordonne les \u00e9coles, coll\u00e8ges &amp; lyc\u00e9es en termes de p\u00e9dagogie notamment. Vous trouverez sur leur site de plus amples explications sur le site de DIWAN BREIZH :<a href=\"https:\/\/www.diwan.bzh\/#\" target=\"_blank\" rel=\"noreferrer noopener\" aria-label=\" https:\/\/www.diwan.bzh\/# (s\u2019ouvre dans un nouvel onglet)\"> https:\/\/www.diwan.bzh\/#<\/a><\/p>\n\n\n\n<figure class=\"wp-block-image size-large\"><img loading=\"lazy\" decoding=\"async\" width=\"851\" height=\"324\" src=\"https:\/\/diwanlanderne.bzh\/wp-content\/uploads\/2020\/09\/image.png\" alt=\"\" class=\"wp-image-368\" srcset=\"https:\/\/diwanlanderne.bzh\/wp-content\/uploads\/2020\/09\/image.png 851w, https:\/\/diwanlanderne.bzh\/wp-content\/uploads\/2020\/09\/image-300x114.png 300w, https:\/\/diwanlanderne.bzh\/wp-content\/uploads\/2020\/09\/image-768x292.png 768w\" sizes=\"auto, (max-width: 709px) 85vw, (max-width: 909px) 67vw, (max-width: 1362px) 62vw, 840px\" \/><\/figure>\n\n\n\n<p><\/p>\n\n\n\n<p>Vers notre <strong>comit\u00e9 de soutien<\/strong>, le <a rel=\"noreferrer noopener\" href=\"https:\/\/www.facebook.com\/foarbio.landerne?hc_location=group\" target=\"_blank\">Kuzul Skoazell Skol Diwan Landerne<\/a> qui organise chaque ann\u00e9e une magnifique foire bio pour financer l&rsquo;\u00e9cole. Merci \u00e0 leur \u00e9nergie, renouvelable et renouvel\u00e9e chaque ann\u00e9e ! <\/p>\n\n\n\n<figure class=\"wp-block-gallery columns-1 is-cropped wp-block-gallery-1 is-layout-flex wp-block-gallery-is-layout-flex\"><ul class=\"blocks-gallery-grid\"><li class=\"blocks-gallery-item\"><figure><img loading=\"lazy\" decoding=\"async\" width=\"1024\" height=\"672\" src=\"https:\/\/diwanlanderne.bzh\/wp-content\/uploads\/2023\/02\/rsv-comite\u0301-de-soutien-be\u0301ne\u0301voles-1024x672.jpg\" alt=\"\" data-id=\"580\" data-full-url=\"https:\/\/diwanlanderne.bzh\/wp-content\/uploads\/2023\/02\/rsv-comite\u0301-de-soutien-be\u0301ne\u0301voles.jpg\" data-link=\"https:\/\/diwanlanderne.bzh\/index.php\/foar-bio\/rsv-comite-de-soutien-benevoles\/\" class=\"wp-image-580\" srcset=\"https:\/\/diwanlanderne.bzh\/wp-content\/uploads\/2023\/02\/rsv-comite\u0301-de-soutien-be\u0301ne\u0301voles-1024x672.jpg 1024w, https:\/\/diwanlanderne.bzh\/wp-content\/uploads\/2023\/02\/rsv-comite\u0301-de-soutien-be\u0301ne\u0301voles-300x197.jpg 300w, https:\/\/diwanlanderne.bzh\/wp-content\/uploads\/2023\/02\/rsv-comite\u0301-de-soutien-be\u0301ne\u0301voles-768x504.jpg 768w, https:\/\/diwanlanderne.bzh\/wp-content\/uploads\/2023\/02\/rsv-comite\u0301-de-soutien-be\u0301ne\u0301voles-1536x1007.jpg 1536w, https:\/\/diwanlanderne.bzh\/wp-content\/uploads\/2023\/02\/rsv-comite\u0301-de-soutien-be\u0301ne\u0301voles-1200x787.jpg 1200w, https:\/\/diwanlanderne.bzh\/wp-content\/uploads\/2023\/02\/rsv-comite\u0301-de-soutien-be\u0301ne\u0301voles.jpg 2048w\" sizes=\"auto, (max-width: 709px) 85vw, (max-width: 909px) 67vw, (max-width: 1362px) 62vw, 840px\" \/><\/figure><\/li><\/ul><\/figure>\n\n\n\n<div class=\"wp-block-image\"><figure class=\"aligncenter size-large\"><img loading=\"lazy\" decoding=\"async\" width=\"1024\" height=\"257\" src=\"https:\/\/diwanlanderne.bzh\/wp-content\/uploads\/2023\/12\/Skeudenn-1024x257.jpg\" alt=\"\" class=\"wp-image-588\" srcset=\"https:\/\/diwanlanderne.bzh\/wp-content\/uploads\/2023\/12\/Skeudenn-1024x257.jpg 1024w, https:\/\/diwanlanderne.bzh\/wp-content\/uploads\/2023\/12\/Skeudenn-300x75.jpg 300w, https:\/\/diwanlanderne.bzh\/wp-content\/uploads\/2023\/12\/Skeudenn-768x193.jpg 768w, https:\/\/diwanlanderne.bzh\/wp-content\/uploads\/2023\/12\/Skeudenn-1536x386.jpg 1536w, https:\/\/diwanlanderne.bzh\/wp-content\/uploads\/2023\/12\/Skeudenn-2048x514.jpg 2048w, https:\/\/diwanlanderne.bzh\/wp-content\/uploads\/2023\/12\/Skeudenn-1200x301.jpg 1200w\" sizes=\"auto, (max-width: 709px) 85vw, (max-width: 909px) 67vw, (max-width: 1362px) 62vw, 840px\" \/><\/figure><\/div>\n","protected":false},"excerpt":{"rendered":"<p>Notre \u00e9cole fonctionne avec 4 classes, de la toute-petite section au CM2. En 2019\/2020, les \u00e9l\u00e8ves sont r\u00e9partis comme suit :&#8211; une classe de toute-petite, petite et moyenne section&#8211; une classe de grande section et CP&#8211; une classe de CE1 et CE2&#8211; une classe de CM1 et CM2 Les \u00e9l\u00e8ves les plus jeunes font la &hellip; <a href=\"https:\/\/diwanlanderne.bzh\/index.php\/infos-pratiques\/\" class=\"more-link\">Continuer la lecture<span class=\"screen-reader-text\"> de &laquo;&nbsp;Titouro\u00f9 \/ Infos pratiques&nbsp;&raquo;<\/span><\/a><\/p>\n","protected":false},"author":3,"featured_media":0,"parent":0,"menu_order":2,"comment_status":"closed","ping_status":"closed","template":"","meta":{"footnotes":""},"class_list":["post-29","page","type-page","status-publish","hentry"],"_links":{"self":[{"href":"https:\/\/diwanlanderne.bzh\/index.php\/wp-json\/wp\/v2\/pages\/29","targetHints":{"allow":["GET"]}}],"collection":[{"href":"https:\/\/diwanlanderne.bzh\/index.php\/wp-json\/wp\/v2\/pages"}],"about":[{"href":"https:\/\/diwanlanderne.bzh\/index.php\/wp-json\/wp\/v2\/types\/page"}],"author":[{"embeddable":true,"href":"https:\/\/diwanlanderne.bzh\/index.php\/wp-json\/wp\/v2\/users\/3"}],"replies":[{"embeddable":true,"href":"https:\/\/diwanlanderne.bzh\/index.php\/wp-json\/wp\/v2\/comments?post=29"}],"version-history":[{"count":23,"href":"https:\/\/diwanlanderne.bzh\/index.php\/wp-json\/wp\/v2\/pages\/29\/revisions"}],"predecessor-version":[{"id":618,"href":"https:\/\/diwanlanderne.bzh\/index.php\/wp-json\/wp\/v2\/pages\/29\/revisions\/618"}],"wp:attachment":[{"href":"https:\/\/diwanlanderne.bzh\/index.php\/wp-json\/wp\/v2\/media?parent=29"}],"curies":[{"name":"wp","href":"https:\/\/api.w.org\/{rel}","templated":true}]}}