{"id":21,"date":"2019-03-06T11:13:11","date_gmt":"2019-03-06T10:13:11","guid":{"rendered":"http:\/\/diwanlanderne.bzh\/?page_id=21"},"modified":"2023-01-28T12:03:27","modified_gmt":"2023-01-28T11:03:27","slug":"familles","status":"publish","type":"page","link":"https:\/\/diwanlanderne.bzh\/index.php\/familles\/","title":{"rendered":"PARENTS \/ KERENT"},"content":{"rendered":"\n<p>Les \u00e9coles Diwan sont des \u00e9coles associatives que les parents animent et font fonctionner. <\/p>\n\n\n\n<p><strong>\u2022 1 \u2022 L&rsquo;AEP \u2022 (Association d&rsquo;Education Populaire de Skol Diwan Landerne)<\/strong> est une association loi 1901. C&rsquo;est l&rsquo;association qui fait fonctionner l&rsquo;\u00e9cole sur tous ses aspects sauf le p\u00e9dagogique : gestion financi\u00e8re de l&rsquo;\u00e9cole,  location &amp; entretien des locaux, gestion du personnel non enseignant, relations avec les mairies, gestion de la garderie et de la cantine, etc. <br><strong>Contact : aep.landerne@diwan.bzh<\/strong><\/p>\n\n\n\n<p><strong>\u2022 2 \u2022 KUZUL SKOAZELL (Le comit\u00e9 de soutien de Skol Diwan Landerne) <\/strong>organise des \u00e9v\u00e9nements pour financer l&rsquo;\u00e9cole : l&rsquo;an dernier, le comit\u00e9 de soutien a financ\u00e9 environ 25% du budget global de l&rsquo;\u00e9cole ! Il organise la <strong><a rel=\"noreferrer noopener\" aria-label=\" (s\u2019ouvre dans un nouvel onglet)\" href=\"http:\/\/foirebiolanderneau.bzh\" target=\"_blank\">Foire Bio de Landerneau<\/a><\/strong>, la <strong>collecte de ferraille<\/strong>, la <strong>vente d&rsquo;oignons<\/strong>, l&rsquo;<strong>appel aux dons<\/strong>, les 33ans de l&rsquo;\u00e9cole (2019). C&rsquo;est l&rsquo;action du comit\u00e9 de soutien qui permet d&rsquo;assurer la p\u00e9rennit\u00e9 et  la gratuit\u00e9 de l&rsquo;\u00e9cole : l&rsquo;\u00e9cole ne facture pas de frais p\u00e9dagogiques \/ en donnant de leur temps et de leurs comp\u00e9tences, les parents  organisateurs et b\u00e9n\u00e9voles g\u00e9n\u00e8rent des ressources \u00e9quivalentes ! <strong>Contact : foirebiolanderneau@gmail.com <\/strong><\/p>\n\n\n\n<figure class=\"wp-block-image size-large\"><img loading=\"lazy\" decoding=\"async\" width=\"1024\" height=\"725\" src=\"https:\/\/diwanlanderne.bzh\/wp-content\/uploads\/2023\/01\/Oberiadennou\u0300-all-1024x725.png\" alt=\"\" class=\"wp-image-566\" srcset=\"https:\/\/diwanlanderne.bzh\/wp-content\/uploads\/2023\/01\/Oberiadennou\u0300-all-1024x725.png 1024w, https:\/\/diwanlanderne.bzh\/wp-content\/uploads\/2023\/01\/Oberiadennou\u0300-all-300x212.png 300w, https:\/\/diwanlanderne.bzh\/wp-content\/uploads\/2023\/01\/Oberiadennou\u0300-all-768x544.png 768w, https:\/\/diwanlanderne.bzh\/wp-content\/uploads\/2023\/01\/Oberiadennou\u0300-all-1536x1087.png 1536w, https:\/\/diwanlanderne.bzh\/wp-content\/uploads\/2023\/01\/Oberiadennou\u0300-all-1200x849.png 1200w, https:\/\/diwanlanderne.bzh\/wp-content\/uploads\/2023\/01\/Oberiadennou\u0300-all.png 1653w\" sizes=\"auto, (max-width: 709px) 85vw, (max-width: 909px) 67vw, (max-width: 1362px) 62vw, 840px\" \/><\/figure>\n\n\n\n<div class=\"wp-block-image\"><figure class=\"aligncenter size-large is-resized\"><img loading=\"lazy\" decoding=\"async\" src=\"https:\/\/diwanlanderne.bzh\/wp-content\/uploads\/2023\/01\/AFFICHES-10-17-1024x725.png\" alt=\"\" class=\"wp-image-567\" width=\"600\" height=\"424\" srcset=\"https:\/\/diwanlanderne.bzh\/wp-content\/uploads\/2023\/01\/AFFICHES-10-17-1024x725.png 1024w, https:\/\/diwanlanderne.bzh\/wp-content\/uploads\/2023\/01\/AFFICHES-10-17-300x212.png 300w, https:\/\/diwanlanderne.bzh\/wp-content\/uploads\/2023\/01\/AFFICHES-10-17-768x544.png 768w, https:\/\/diwanlanderne.bzh\/wp-content\/uploads\/2023\/01\/AFFICHES-10-17-1536x1087.png 1536w, https:\/\/diwanlanderne.bzh\/wp-content\/uploads\/2023\/01\/AFFICHES-10-17-1200x849.png 1200w, https:\/\/diwanlanderne.bzh\/wp-content\/uploads\/2023\/01\/AFFICHES-10-17.png 1653w\" sizes=\"auto, (max-width: 600px) 85vw, 600px\" \/><\/figure><\/div>\n\n\n\n<div class=\"wp-block-image\"><figure class=\"aligncenter size-large\"><img loading=\"lazy\" decoding=\"async\" width=\"1024\" height=\"725\" src=\"https:\/\/diwanlanderne.bzh\/wp-content\/uploads\/2023\/01\/AFFICHES-18-25-1024x725.png\" alt=\"\" class=\"wp-image-568\" srcset=\"https:\/\/diwanlanderne.bzh\/wp-content\/uploads\/2023\/01\/AFFICHES-18-25-1024x725.png 1024w, https:\/\/diwanlanderne.bzh\/wp-content\/uploads\/2023\/01\/AFFICHES-18-25-300x212.png 300w, https:\/\/diwanlanderne.bzh\/wp-content\/uploads\/2023\/01\/AFFICHES-18-25-768x544.png 768w, https:\/\/diwanlanderne.bzh\/wp-content\/uploads\/2023\/01\/AFFICHES-18-25-1536x1087.png 1536w, https:\/\/diwanlanderne.bzh\/wp-content\/uploads\/2023\/01\/AFFICHES-18-25-1200x849.png 1200w, https:\/\/diwanlanderne.bzh\/wp-content\/uploads\/2023\/01\/AFFICHES-18-25.png 1653w\" sizes=\"auto, (max-width: 709px) 85vw, (max-width: 909px) 67vw, (max-width: 1362px) 62vw, 840px\" \/><\/figure><\/div>\n\n\n\n<p><strong>\u2022 3 \u2022 Le conseil d&rsquo;\u00e9cole<\/strong> est compos\u00e9 de l&rsquo;\u00e9quipe p\u00e9dagogique, d&rsquo;une ASEM, des  parents \u00e9lus pour chaque classe, la mairie. C&rsquo;est un lieu d&rsquo;\u00e9changes et de propositions sur les actions p\u00e9dagogiques, le r\u00e8glement int\u00e9rieur, la cantine, la garderie, l&rsquo;hygi\u00e8ne, les am\u00e9nagements\u2026 Il se r\u00e9unit chaque trimestre.<\/p>\n\n\n\n<p><strong>La participation des parents<\/strong> est essentielle, dans les 3 instances pr\u00e9sent\u00e9es et tout au long de l&rsquo;ann\u00e9e : accompagnement pour les sorties scolaires, petits travaux (changement de classe, nouveaux portes-manteaux&#8230;), matin\u00e9e de grand m\u00e9nage d&rsquo;\u00e9t\u00e9 &#8230;<\/p>\n","protected":false},"excerpt":{"rendered":"<p>Les \u00e9coles Diwan sont des \u00e9coles associatives que les parents animent et font fonctionner. \u2022 1 \u2022 L&rsquo;AEP \u2022 (Association d&rsquo;Education Populaire de Skol Diwan Landerne) est une association loi 1901. C&rsquo;est l&rsquo;association qui fait fonctionner l&rsquo;\u00e9cole sur tous ses aspects sauf le p\u00e9dagogique : gestion financi\u00e8re de l&rsquo;\u00e9cole, location &amp; entretien des locaux, gestion &hellip; <a href=\"https:\/\/diwanlanderne.bzh\/index.php\/familles\/\" class=\"more-link\">Continuer la lecture<span class=\"screen-reader-text\"> de &laquo;&nbsp;PARENTS \/ KERENT&nbsp;&raquo;<\/span><\/a><\/p>\n","protected":false},"author":3,"featured_media":0,"parent":0,"menu_order":3,"comment_status":"closed","ping_status":"closed","template":"","meta":{"footnotes":""},"class_list":["post-21","page","type-page","status-publish","hentry"],"_links":{"self":[{"href":"https:\/\/diwanlanderne.bzh\/index.php\/wp-json\/wp\/v2\/pages\/21","targetHints":{"allow":["GET"]}}],"collection":[{"href":"https:\/\/diwanlanderne.bzh\/index.php\/wp-json\/wp\/v2\/pages"}],"about":[{"href":"https:\/\/diwanlanderne.bzh\/index.php\/wp-json\/wp\/v2\/types\/page"}],"author":[{"embeddable":true,"href":"https:\/\/diwanlanderne.bzh\/index.php\/wp-json\/wp\/v2\/users\/3"}],"replies":[{"embeddable":true,"href":"https:\/\/diwanlanderne.bzh\/index.php\/wp-json\/wp\/v2\/comments?post=21"}],"version-history":[{"count":18,"href":"https:\/\/diwanlanderne.bzh\/index.php\/wp-json\/wp\/v2\/pages\/21\/revisions"}],"predecessor-version":[{"id":576,"href":"https:\/\/diwanlanderne.bzh\/index.php\/wp-json\/wp\/v2\/pages\/21\/revisions\/576"}],"wp:attachment":[{"href":"https:\/\/diwanlanderne.bzh\/index.php\/wp-json\/wp\/v2\/media?parent=21"}],"curies":[{"name":"wp","href":"https:\/\/api.w.org\/{rel}","templated":true}]}}